{"id":3442,"date":"2024-10-15T10:51:39","date_gmt":"2024-10-15T08:51:39","guid":{"rendered":"https:\/\/www.villa.nl\/blog\/?page_id=3442"},"modified":"2025-12-11T11:39:51","modified_gmt":"2025-12-11T10:39:51","slug":"home-de","status":"publish","type":"page","link":"https:\/\/www.villa.nl\/blog\/de\/home-de\/","title":{"rendered":"home-de"},"content":{"rendered":"\t<div class=\"img has-hover hidden x md-x lg-x y md-y lg-y\" id=\"image_1046762890\">\n\t\t<a class=\"\" href=\"https:\/\/www.villa.nl\/blog\/eiland-saint-honorat-cannes\/\" >\t\t\t\t\t\t<div class=\"img-inner dark\" >\n\t\t\t<img loading=\"lazy\" decoding=\"async\" width=\"1440\" height=\"2560\" src=\"https:\/\/www.villa.nl\/blog\/wp-content\/uploads\/2024\/09\/home-scaled.webp\" class=\"attachment-original size-original\" alt=\"\" srcset=\"https:\/\/www.villa.nl\/blog\/wp-content\/uploads\/2024\/09\/home-scaled.webp 1440w, https:\/\/www.villa.nl\/blog\/wp-content\/uploads\/2024\/09\/home-169x300.webp 169w, https:\/\/www.villa.nl\/blog\/wp-content\/uploads\/2024\/09\/home-576x1024.webp 576w, https:\/\/www.villa.nl\/blog\/wp-content\/uploads\/2024\/09\/home-768x1365.webp 768w, https:\/\/www.villa.nl\/blog\/wp-content\/uploads\/2024\/09\/home-864x1536.webp 864w, https:\/\/www.villa.nl\/blog\/wp-content\/uploads\/2024\/09\/home-1152x2048.webp 1152w\" sizes=\"auto, (max-width: 1440px) 100vw, 1440px\" \/>\t\t\t\t\t\t\n\t\t\t\t\t<\/div>\n\t\t\t\t\t\t<\/a>\t\t\n<style>\n#image_1046762890 {\n  width: 100%;\n}\n<\/style>\n\t<\/div>\n\t\n<p>Unser Blog wird umgezogen. In K\u00fcrze wird er online gehen und Sie k\u00f6nnen inspirierende Artikel f\u00fcr Ihren Urlaub in S\u00fcdfrankreich lesen. Bis bald. Team Villa<\/p>\n\n  <div class=\"banner has-hover\" id=\"banner-1064323890\">\n          <div class=\"banner-inner fill\">\n        <div class=\"banner-bg fill\" >\n            <img loading=\"lazy\" decoding=\"async\" width=\"2560\" height=\"1237\" src=\"https:\/\/www.villa.nl\/blog\/wp-content\/uploads\/2025\/12\/SAS_6324-1-scaled-e1765446332372.jpg\" class=\"bg attachment-original size-original\" alt=\"Our blog is moving! It will go live soon, and you will be able to read inspiring articles for your holiday in the South of France. See you soon! Team Villa\" \/>                                    \n                    <\/div>\n\t\t\n        <div class=\"banner-layers container\">\n            <a class=\"fill\" href=\"https:\/\/www.villa.nl\/blog\/en\/category\/travel-tips-practical-information\/\" target=\"_blank\" rel=\"noopener\"><div class=\"fill banner-link\"><\/div><\/a>               <div id=\"text-box-1665786564\" class=\"text-box banner-layer x50 md-x50 lg-x50 y50 md-y50 lg-y50 res-text\">\n                     <div data-animate=\"fadeIn\">           <div class=\"text-box-content text dark\">\n              \n              <div class=\"text-inner text-center\">\n                  \n              <\/div>\n           <\/div>\n       <\/div>                     \n<style>\n#text-box-1665786564 {\n  width: 60%;\n}\n#text-box-1665786564 .text-box-content {\n  font-size: 100%;\n}\n@media (min-width:550px) {\n  #text-box-1665786564 {\n    width: 60%;\n  }\n}\n<\/style>\n    <\/div>\n         <\/div>\n      <\/div>\n\n            \n<style>\n#banner-1064323890 {\n  padding-top: 56.25%;\n  background-color: rgb(255, 255, 255);\n}\n#banner-1064323890 .banner-bg img {\n  object-position: 51% 0%;\n}\n<\/style>\n  <\/div>\n\n\n\n  <div class=\"banner has-hover show-for-small\" id=\"banner-1737725089\">\n          <div class=\"banner-inner fill\">\n        <div class=\"banner-bg fill\" >\n                                                \n                    <\/div>\n\t\t\n        <div class=\"banner-layers container\">\n            <a class=\"fill\" href=\"https:\/\/www.villa.nl\/blog\/markt-uzes-pont-du-gard\/\"><div class=\"fill banner-link\"><\/div><\/a>            \n   <div id=\"text-box-1762351760\" class=\"text-box banner-layer hometxtmob x85 md-x75 lg-x75 y5 md-y10 lg-y10 res-text\">\n                                <div class=\"text-box-content text text-shadow-4\">\n              \n              <div class=\"text-inner text-center\">\n                  \n              <\/div>\n           <\/div>\n                            \n<style>\n#text-box-1762351760 .text-box-content {\n  background-color: rgba(56, 56, 56, 0.535);\n  border-radius: 14px;\n  font-size: 393%;\n}\n#text-box-1762351760 .text-inner {\n  padding: 10px 10px 30px 10px;\n}\n#text-box-1762351760 {\n  width: 68%;\n}\n@media (min-width:550px) {\n  #text-box-1762351760 .text-inner {\n    padding: 10px 10px 10px 10px;\n  }\n  #text-box-1762351760 {\n    width: 50%;\n  }\n  #text-box-1762351760 .text-box-content {\n    font-size: 360%;\n  }\n}\n<\/style>\n    <\/div>\n \n        <\/div>\n      <\/div>\n\n            \n<style>\n#banner-1737725089 {\n  padding-top: 250%;\n  background-color: rgb(255, 255, 255);\n}\n#banner-1737725089 .banner-bg img {\n  object-position: 51% 0%;\n}\n@media (min-width:550px) {\n  #banner-1737725089 {\n    padding-top: 2560px;\n  }\n}\n<\/style>\n  <\/div>\n\n\n","protected":false},"excerpt":{"rendered":"<p>Unser Blog wird umgezogen. In K\u00fcrze wird er online gehen und Sie k\u00f6nnen inspirierende Artikel f\u00fcr Ihren Urlaub in S\u00fcdfrankreich lesen. Bis bald. Team Villa<\/p>\n","protected":false},"author":1,"featured_media":0,"parent":0,"menu_order":0,"comment_status":"closed","ping_status":"closed","template":"","meta":{"footnotes":""},"class_list":["post-3442","page","type-page","status-publish","hentry"],"_links":{"self":[{"href":"https:\/\/www.villa.nl\/blog\/wp-json\/wp\/v2\/pages\/3442","targetHints":{"allow":["GET"]}}],"collection":[{"href":"https:\/\/www.villa.nl\/blog\/wp-json\/wp\/v2\/pages"}],"about":[{"href":"https:\/\/www.villa.nl\/blog\/wp-json\/wp\/v2\/types\/page"}],"author":[{"embeddable":true,"href":"https:\/\/www.villa.nl\/blog\/wp-json\/wp\/v2\/users\/1"}],"replies":[{"embeddable":true,"href":"https:\/\/www.villa.nl\/blog\/wp-json\/wp\/v2\/comments?post=3442"}],"version-history":[{"count":33,"href":"https:\/\/www.villa.nl\/blog\/wp-json\/wp\/v2\/pages\/3442\/revisions"}],"predecessor-version":[{"id":5529,"href":"https:\/\/www.villa.nl\/blog\/wp-json\/wp\/v2\/pages\/3442\/revisions\/5529"}],"wp:attachment":[{"href":"https:\/\/www.villa.nl\/blog\/wp-json\/wp\/v2\/media?parent=3442"}],"curies":[{"name":"wp","href":"https:\/\/api.w.org\/{rel}","templated":true}]}}